{"id":63,"date":"2016-05-09T10:28:43","date_gmt":"2016-05-09T08:28:43","guid":{"rendered":"http:\/\/przemeq.ehost.pl\/sp6prt\/?page_id=63"},"modified":"2021-07-01T14:31:30","modified_gmt":"2021-07-01T12:31:30","slug":"kontakt","status":"publish","type":"page","link":"https:\/\/sp6prt.pl\/?page_id=63","title":{"rendered":"Kontakt"},"content":{"rendered":"<p>Klub SP6PRT ma swoj\u0105 siedzib\u0119 we Wroc\u0142awiu, przy ulicy Pretficza 14\/16.<\/p>\n<p>Adres do korespondencji:<\/p>\n<p><strong>Klub SP6PRT<\/strong><br \/>\nPolskiego Zwi\u0105zku Kr\u00f3tkofalowc\u00f3w<br \/>\nul. Pretficza 14\/16<br \/>\n53-328 Wroc\u0142aw<\/p>\n<p>QTH-lokator: <a href=\"http:\/\/ostol.pl\/mapa-qth-lokatorow?qth=JO81MC&amp;from=\">JO81mc<\/a><\/p>\n<p>e-mail: <a href=\"&#x6d;&#x61;&#105;l&#x74;&#x6f;&#58;&#115;p&#x36;&#x70;&#114;&#116;&#64;&#x73;&#x70;&#54;pr&#x74;&#x2e;&#112;l\">sp6prt&#64;s&#112;&#54;&#112;&#114;&#116;&#46;&#112;&#108;<\/a><br \/>\nadministrator strony: <a href=\"&#x6d;a&#x69;&#108;&#x74;&#111;:&#x73;q&#x36;&#112;&#x6f;&#99;&#64;&#x6f;&#112;&#x2e;&#112;l\">sq6poc<\/a><\/p>\n<p>Klub ma swoj\u0105 <strong>list\u0119 mailingow\u0105<\/strong>, zapisy, wypisy, obs\u0142uga: <a href=\"&#x6d;&#97;i&#x6c;&#116;o&#x3a;&#x73;&#113;&#x36;&#x70;&#111;c&#x40;&#111;p&#x2e;&#x70;&#108;\">sq6poc<\/a><\/p>\n","protected":false},"excerpt":{"rendered":"<p>Klub SP6PRT ma swoj\u0105 siedzib\u0119 we Wroc\u0142awiu, przy ulicy Pretficza 14\/16. Adres do korespondencji: Klub SP6PRT Polskiego Zwi\u0105zku Kr\u00f3tkofalowc\u00f3w ul. Pretficza 14\/16 53-328 Wroc\u0142aw QTH-lokator: JO81mc e-mail: &#115;&#x70;&#54;&#x70;&#114;&#x74;&#64;&#x73;&#112;&#x36;&#112;&#x72;t&#x2e;p&#x6c; administrator strony:&#8230; <a href=\"https:\/\/sp6prt.pl\/?page_id=63\">Read more &raquo;<\/a><\/p>\n","protected":false},"author":1,"featured_media":0,"parent":18,"menu_order":0,"comment_status":"closed","ping_status":"closed","template":"","meta":{"footnotes":""},"class_list":["post-63","page","type-page","status-publish","hentry"],"_links":{"self":[{"href":"https:\/\/sp6prt.pl\/index.php?rest_route=\/wp\/v2\/pages\/63","targetHints":{"allow":["GET"]}}],"collection":[{"href":"https:\/\/sp6prt.pl\/index.php?rest_route=\/wp\/v2\/pages"}],"about":[{"href":"https:\/\/sp6prt.pl\/index.php?rest_route=\/wp\/v2\/types\/page"}],"author":[{"embeddable":true,"href":"https:\/\/sp6prt.pl\/index.php?rest_route=\/wp\/v2\/users\/1"}],"replies":[{"embeddable":true,"href":"https:\/\/sp6prt.pl\/index.php?rest_route=%2Fwp%2Fv2%2Fcomments&post=63"}],"version-history":[{"count":6,"href":"https:\/\/sp6prt.pl\/index.php?rest_route=\/wp\/v2\/pages\/63\/revisions"}],"predecessor-version":[{"id":881,"href":"https:\/\/sp6prt.pl\/index.php?rest_route=\/wp\/v2\/pages\/63\/revisions\/881"}],"up":[{"embeddable":true,"href":"https:\/\/sp6prt.pl\/index.php?rest_route=\/wp\/v2\/pages\/18"}],"wp:attachment":[{"href":"https:\/\/sp6prt.pl\/index.php?rest_route=%2Fwp%2Fv2%2Fmedia&parent=63"}],"curies":[{"name":"wp","href":"https:\/\/api.w.org\/{rel}","templated":true}]}}