{"id":536,"date":"2019-09-16T17:52:29","date_gmt":"2019-09-16T15:52:29","guid":{"rendered":"https:\/\/sp6prt.pl\/?page_id=536"},"modified":"2019-09-16T17:52:29","modified_gmt":"2019-09-16T15:52:29","slug":"contact-us","status":"publish","type":"page","link":"https:\/\/sp6prt.pl\/?page_id=536&lang=en","title":{"rendered":"Contact us"},"content":{"rendered":"<p>Our club is located in Wroclaw, on Pretficza street No. 14\/16.<\/p>\n<p>Mailing address:<\/p>\n<p><strong>Klub SP6PRT<\/strong><br \/>\nPolskiego Zwi\u0105zku Kr\u00f3tkofalowc\u00f3w<br \/>\nul. Pretficza 14\/16<br \/>\n53-328 Wroc\u0142aw<\/p>\n<p>QTH-locator: <a href=\"http:\/\/ostol.pl\/mapa-qth-lokatorow?qth=JO81MC&amp;from=\">JO81mc<\/a><\/p>\n<p>e-mail: <a href=\"&#109;&#x61;&#105;&#x6c;t&#111;&#x3a;&#115;&#x70;6&#x70;r&#116;&#x40;&#115;&#x70;6&#x70;&#x72;&#116;&#x2e;p&#x6c;\">&#x73;&#x70;&#54;p&#x72;&#x74;&#64;sp&#x36;&#x70;&#114;t&#x2e;&#x70;&#108;<\/a><br \/>\nwebmaster: <a href=\"&#x6d;&#97;&#x69;&#x6c;&#116;&#x6f;&#58;s&#x71;&#54;p&#x6f;&#99;&#64;&#x6f;&#112;&#46;&#x70;&#108;\">sq6poc<\/a><\/p>\n","protected":false},"excerpt":{"rendered":"<p>Our club is located in Wroclaw, on Pretficza street No. 14\/16. Mailing address: Klub SP6PRT Polskiego Zwi\u0105zku Kr\u00f3tkofalowc\u00f3w ul. Pretficza 14\/16 53-328 Wroc\u0142aw QTH-locator: JO81mc e-mail: sp6&#112;&#114;&#116;&#x40;&#x73;&#x70;&#x36;&#x70;&#x72;t&#46;p&#108; webmaster: sq6poc<\/p>\n","protected":false},"author":1,"featured_media":0,"parent":0,"menu_order":0,"comment_status":"closed","ping_status":"closed","template":"","meta":{"footnotes":""},"class_list":["post-536","page","type-page","status-publish","hentry"],"_links":{"self":[{"href":"https:\/\/sp6prt.pl\/index.php?rest_route=\/wp\/v2\/pages\/536","targetHints":{"allow":["GET"]}}],"collection":[{"href":"https:\/\/sp6prt.pl\/index.php?rest_route=\/wp\/v2\/pages"}],"about":[{"href":"https:\/\/sp6prt.pl\/index.php?rest_route=\/wp\/v2\/types\/page"}],"author":[{"embeddable":true,"href":"https:\/\/sp6prt.pl\/index.php?rest_route=\/wp\/v2\/users\/1"}],"replies":[{"embeddable":true,"href":"https:\/\/sp6prt.pl\/index.php?rest_route=%2Fwp%2Fv2%2Fcomments&post=536"}],"version-history":[{"count":1,"href":"https:\/\/sp6prt.pl\/index.php?rest_route=\/wp\/v2\/pages\/536\/revisions"}],"predecessor-version":[{"id":537,"href":"https:\/\/sp6prt.pl\/index.php?rest_route=\/wp\/v2\/pages\/536\/revisions\/537"}],"wp:attachment":[{"href":"https:\/\/sp6prt.pl\/index.php?rest_route=%2Fwp%2Fv2%2Fmedia&parent=536"}],"curies":[{"name":"wp","href":"https:\/\/api.w.org\/{rel}","templated":true}]}}