{"id":18,"date":"2016-05-06T12:45:34","date_gmt":"2016-05-06T10:45:34","guid":{"rendered":"http:\/\/przemeq.ehost.pl\/sp6prt\/?page_id=18"},"modified":"2024-09-12T21:16:37","modified_gmt":"2024-09-12T19:16:37","slug":"klub","status":"publish","type":"page","link":"https:\/\/sp6prt.pl\/?page_id=18","title":{"rendered":"Klub SP6PRT"},"content":{"rendered":"<p>SP6PRT jest klubem PZK nr 09\/OT-01 we Wroc\u0142awiu. Znak kontestowy: <strong>SN6F<\/strong>.<\/p>\n<h2>Prezesi Klubu SP6PRT:<\/h2>\n<ol>\n<li>SP6AQK &#8211; Mieczys\u0142aw Frydrysiak od 2\/11\/1964 do 25\/05\/1973 (9 lat, Silent Key)<\/li>\n<li>SP6FER &#8211; Zenon Pietrzak od 25\/05\/1973 do 12\/01\/1986 (8 lat, Silent Key)<\/li>\n<li>SP6FVF &#8211; Jerzy Matysiak od 12\/01\/1986 do 19\/01\/1989 (3 lata)<\/li>\n<li>SP6HTX &#8211; Eugeniusz Korytkiewicz od 28\/01\/1989 do 23\/11\/1991 (2 lata)<\/li>\n<li>SP6CCI &#8211; Boles\u0142aw Konieczny od 23\/11\/1991 do 06\/06\/2019 (29 lat)<\/li>\n<li>SP6IFN &#8211; Ryszard Banasiak od 06\/06\/2019 do 20\/06\/2024 (5 lat)<\/li>\n<li>SQ6ILI &#8211; Grzegorz od 12\/09\/2024<\/li>\n<\/ol>\n<h2>Rys historyczny<\/h2>\n<p><span style=\"color: #669cff;\">8 listopada 1960r.<\/span> zosta\u0142 za\u0142o\u017cony Terenowy Klub Polskiego Zwi\u0105zku Kr\u00f3tkofalowc\u00f3w przez grup\u0119 inicjatywn\u0105 w sk\u0142adzie:<\/p>\n<ul>\n<li>SP6OI &#8211; Ryszard Sawicki<\/li>\n<li>SP6BW &#8211; Roman \u0141ukowicz<\/li>\n<li>SP6QH &#8211; Eugeniusz Hutnik<\/li>\n<li>SP6AUH &#8211; Tadeusz Ponomarow<\/li>\n<\/ul>\n<p>Grupa ta podj\u0119\u0142a uchwa\u0142\u0119 o powstaniu Terenowego Klubu PZK z siedzib\u0105 w Okr\u0119gowym Klubie Oficerskim \u015a.O.W. we Wroc\u0142awiu. Wojew\u00f3dzki Oddzia\u0142 Terenowy PZK we Wroc\u0142awiu po sprawdzeniu poprawno\u015bci uchwa\u0142y o powstaniu Klubu, wpisa\u0142 go do ewidencji klub\u00f3w terenowych PZK prowadz\u0105cych dzia\u0142alno\u015b\u0107 na terenie Wroc\u0142awia.<\/p>\n<p><span style=\"color: #669cff;\">15 pa\u017adziernika 1964r.<\/span> wys\u0142ano wniosek do PIR o wydanie pozwolenia na u\u017cywanie urz\u0105dze\u0144 radiowych &#8211; nadawczych lub nadawczo &#8211; odbiorczych -klubu PZK, sporz\u0105dzony przez:<\/p>\n<ul>\n<li>SP6AUH &#8211; Tadeusza Ponomarowa,<\/li>\n<li>SP6AWB &#8211; Mieczys\u0142awa Wojtowicza,<\/li>\n<li>SP6FV &#8211; Franciszka G\u00f3rskiego.<\/li>\n<\/ul>\n<p><span style=\"color: #669cff;\">7 grudnia 1964<\/span> klub uzyska\u0142 licencj\u0119 na znak SP6PRT (nr zezwolenia 48\/K\/64). Pierwszym prezesem klubu zosta\u0142 2 listopada 1964 kolega Mieczys\u0142aw Frydrysiak SP6AQK, kt\u00f3ry t\u0105 funkcj\u0119 pe\u0142ni\u0142 przez dziewi\u0119\u0107 lat &#8211; do 25 maja 1973 r.<\/p>\n<p><span style=\"color: #669cff;\">4 stycznia1965<\/span> zosta\u0142a przeprowadzona przez kole\u017cank\u0119 Honorat\u0119 Wojtowicz SP6AYQ pierwsza \u0142\u0105czno\u015b\u0107 ze stacji klubowej SP6PRT na CW z koleg\u0105 Mieczys\u0142awem Wandorem SP6OQ (Silent Key) z Wroc\u0142awia o godz. 20.00 czasu GMT.<\/p>\n<p>W latach 1965 &#8211; 1971 klub SP6PRT przy Okr\u0119gowym Klubie Oficerskim \u015a.O.W. na urz\u0105dzeniu &#8220;home made&#8221; bra\u0142 udzia\u0142 w zawodach krajowych, zagranicznych oraz przeprowadzi\u0142 wiele \u0142\u0105czno\u015bci na telegrafii.<\/p>\n<p><span style=\"color: #669cff;\">25 maja 1973<\/span> &#8211; prezesem klubu zosta\u0142 wybrany kolega Zenon Pietrzak SP6FER. Funkcj\u0119 t\u0119 pe\u0142ni\u0142 przez 8 lat &#8211; do 12 stycznia 1986 r.<\/p>\n<p>W latach 1971 do 1977 Klub SP6PRT uzyska\u0142 pozwolenie na prac\u0119 z prywatnego lokalu kolegi Zenona Pietrzaka SP6FER, jako SP6PRT\/6. By\u0142o to spowodowane trwaj\u0105cym w tym okresie remontem i przebudow\u0105 Okr\u0119gowego Klubu Oficerskiego \u015a.O.W.<\/p>\n<p><span style=\"color: #669cff;\">25 maja 1977<\/span> &#8211; Klub otrzyma\u0142 nowe pomieszczenie przy ul. Wr\u00f3bla, w kt\u00f3rym prowadzi\u0142 dzia\u0142alno\u015b\u0107 klubow\u0105 do 1984r.<\/p>\n<p><span style=\"color: #669cff;\">7 stycznia 1985<\/span> &#8211; Klub SP6PRT przeniesiono z ul. Wr\u00f3bla na ul. Gajow\u0105 58\/22.<\/p>\n<p><span style=\"color: #669cff;\">12 stycznia 1986<\/span> na prezesa Klubu zosta\u0142 wybrany kolega Jerzy Matysiak SP6FVF, kt\u00f3ry pe\u0142ni\u0142 t\u0119 funkcj\u0119 do 28 Stycznia 1989r.<\/p>\n<p><span style=\"color: #669cff;\">28 stycznia 1989<\/span> &#8211; wybrano nowego \u2013 czwartego w kolejno\u015bci &#8211; prezesa Klubu SP6PRT i zosta\u0142 nim kolega Eugeniusz Korytkiewicz SP6HTX. Pe\u0142ni\u0142 obowi\u0105zki przez okres dw\u00f3ch lat do 23 listopada 1991r.<\/p>\n<p><span style=\"color: #669cff;\">23 listopada 1991<\/span> \u2013 kolejnym prezesem Klubu zostaje wybrany kolega Boles\u0142aw Konieczny SP6CCI, kt\u00f3ry przez d\u0142ugi czas pe\u0142ni\u0142 t\u0119 funkcj\u0119.<\/p>\n<p><span style=\"color: #669cff;\">W czerwcu 1997<\/span> &#8211; klub SP6PRT z ul. Gajowej przeniesiono do budynku przy ul. Pretficza 14-16.<\/p>\n<p><span style=\"color: #669cff;\">6 czerwca 2019<\/span> \u2013 nast\u0119puje zmiana zarz\u0105du klubu, prezesem zostaje kolega Ryszard Banasiak, SP6IFN.<\/p>\n<p>Klub kr\u00f3tkofalowc\u00f3w PZK SP6PRT do dnia dzisiejszego zrzesza mi\u0142o\u015bnik\u00f3w kr\u00f3tkofalarstwa. Skupia w swoich szeregach cz\u0142onk\u00f3w z du\u017cym dorobkiem i do\u015bwiadczeniem.<\/p>\n","protected":false},"excerpt":{"rendered":"<p>SP6PRT jest klubem PZK nr 09\/OT-01 we Wroc\u0142awiu. Znak kontestowy: SN6F. Prezesi Klubu SP6PRT: SP6AQK &#8211; Mieczys\u0142aw Frydrysiak od 2\/11\/1964 do 25\/05\/1973 (9 lat, Silent Key) SP6FER &#8211; Zenon Pietrzak&#8230; <a href=\"https:\/\/sp6prt.pl\/?page_id=18\">Read more &raquo;<\/a><\/p>\n","protected":false},"author":1,"featured_media":0,"parent":0,"menu_order":0,"comment_status":"closed","ping_status":"closed","template":"","meta":{"footnotes":""},"class_list":["post-18","page","type-page","status-publish","hentry"],"_links":{"self":[{"href":"https:\/\/sp6prt.pl\/index.php?rest_route=\/wp\/v2\/pages\/18","targetHints":{"allow":["GET"]}}],"collection":[{"href":"https:\/\/sp6prt.pl\/index.php?rest_route=\/wp\/v2\/pages"}],"about":[{"href":"https:\/\/sp6prt.pl\/index.php?rest_route=\/wp\/v2\/types\/page"}],"author":[{"embeddable":true,"href":"https:\/\/sp6prt.pl\/index.php?rest_route=\/wp\/v2\/users\/1"}],"replies":[{"embeddable":true,"href":"https:\/\/sp6prt.pl\/index.php?rest_route=%2Fwp%2Fv2%2Fcomments&post=18"}],"version-history":[{"count":12,"href":"https:\/\/sp6prt.pl\/index.php?rest_route=\/wp\/v2\/pages\/18\/revisions"}],"predecessor-version":[{"id":1245,"href":"https:\/\/sp6prt.pl\/index.php?rest_route=\/wp\/v2\/pages\/18\/revisions\/1245"}],"wp:attachment":[{"href":"https:\/\/sp6prt.pl\/index.php?rest_route=%2Fwp%2Fv2%2Fmedia&parent=18"}],"curies":[{"name":"wp","href":"https:\/\/api.w.org\/{rel}","templated":true}]}}